{"id":6174,"date":"2019-11-02T16:17:08","date_gmt":"2019-11-02T07:17:08","guid":{"rendered":"https:\/\/onecoinenglish.com\/hireme\/?page_id=6174"},"modified":"2025-02-18T19:40:59","modified_gmt":"2025-02-18T10:40:59","slug":"part-time-jobs-in-tokyo-at-ueno","status":"publish","type":"page","link":"https:\/\/onecoinenglish.com\/hireme\/schools\/part-time-jobs-in-tokyo-at-ueno\/","title":{"rendered":"Ueno School"},"content":{"rendered":"\n<h5>Ueno<\/h5><h5>A vibrant feel<\/h5>\t\t\t\n\t\t\t<h5>Teach at our Ueno School<\/h5>\t\t\t\n\t\t\t\t<img loading=\"lazy\" decoding=\"async\" src=\"https:\/\/onecoinenglish.com\/hireme\/wp-content\/uploads\/2020\/02\/Uenoo.jpg\" alt=\"Uenoo\" itemprop=\"image\" height=\"1246\" width=\"1314\" title=\"Uenoo\" onerror=\"this.style.display='none'\">\n\t<h2>Location is Key<\/h2>\n<p>Literally! The location couldn&#8217;t be more convenient. It is a 1 minute walk from both JR Okachimachi or Metro lines such as Oedo Line, Hibiya and even Ginza. Why not try teaching at the Ueno\/Okachimachi Branch of One Coin English? The school was opened late 2019, being the last school that was opened that year. The school is still relatively new and so there&#8217;s many things that are changing and improving! The atmosphere and surrounding areas will definitely make you feel happy and at home! Teaching in Ueno as a part time teacher is a great opportunity to learn more about the cultural elements Japan has to offer!<\/p>\n\t\t\t\t<img decoding=\"async\" src=\"https:\/\/onecoinenglish.com\/hireme\/wp-content\/uploads\/bb-plugin\/cache\/Mat-1024x1365-circle.jpg\" alt=\"Photo of a teacher\" title=\"\" itemprop=\"image\">\n\t\t\t\t \n\t\t<h3>Mateus<\/h3>Teacher\nHello! I&#8217;m Mat, from Brazil! Working in the environment that is provided within OCE, has given me the confidence necessary to become a successful teacher. Being able to help students understand new material, grow and achieve their goals, is not only rewarding but also inspiring. My teaching adventure has been so gratifying and I&#8217;m looking forward to what the future has in store for me! Let&#8217;s GO!\t\t\t\t\t\n\t\t\t\t<img decoding=\"async\" src=\"https:\/\/onecoinenglish.com\/hireme\/wp-content\/uploads\/bb-plugin\/cache\/Memorable-circle.jpg\" alt=\"Student and teacher\" title=\"Memorable\" itemprop=\"image\">\n\t\t\t\t \n\t\t<h3>Fumiko<\/h3>Student\nI went to an English conversation school several times, but I often couldn&#8217;t attend because of the timing of the lessons. Of course, my English level dropped a lot. One coin English is perfect for me because you can freely choose the time to take the lessons!\t\t\t\t\t\n\t\t\t<h5>What Makes Us Different?<\/h5>\t\t\t\n\t\t\t<img decoding=\"async\" loading=\"false\" src=\"https:\/\/onecoinenglish.com\/hireme\/wp-content\/uploads\/2020\/02\/Ueno-3.jpg\" alt=\"\">\t\t\t\n\t\t\t<img decoding=\"async\" loading=\"false\" src=\"https:\/\/onecoinenglish.com\/hireme\/wp-content\/uploads\/2020\/02\/AB3A9912-1024x683.jpg\" alt=\"\">\t\t\t\n\t\t\t<img decoding=\"async\" loading=\"false\" src=\"https:\/\/onecoinenglish.com\/hireme\/wp-content\/uploads\/2020\/02\/AB3A9940-1024x683.jpg\" alt=\"\">\t\t\t\n\t\t\t<img decoding=\"async\" loading=\"false\" src=\"https:\/\/onecoinenglish.com\/hireme\/wp-content\/uploads\/2020\/02\/Ueno.jpg\" alt=\"\">\t\t\t\n\t\t\t<img decoding=\"async\" loading=\"false\" src=\"https:\/\/onecoinenglish.com\/hireme\/wp-content\/uploads\/2020\/02\/Ueno-2.jpg\" alt=\"\">\t\t\t\n\t\t\t<img decoding=\"async\" loading=\"false\" src=\"https:\/\/onecoinenglish.com\/hireme\/wp-content\/uploads\/2020\/02\/AB3A9930-1024x683.jpg\" alt=\"\">\t\t\t\n\t\t\t<img decoding=\"async\" loading=\"false\" src=\"https:\/\/onecoinenglish.com\/hireme\/wp-content\/uploads\/2020\/02\/AB3A9919-1024x683.jpg\" alt=\"\">\t\t\t\n\t\t\t\t<a href=\"#\" aria-label=\"previous\" role=\"button\">\n<\/a>\n\t\t\t\t<a href=\"#\" aria-label=\"next\" role=\"button\">\n<\/a>\n\t<iframe loading=\"lazy\" width=\"560\" height=\"315\" src=\"https:\/\/www.youtube.com\/embed\/wpW4E0cOpL0\" frameborder=\"0\" allow=\"accelerometer; autoplay; encrypted-media; gyroscope; picture-in-picture\" allowfullscreen=\"\"><\/iframe>\n\t<h2>Welcome Home<\/h2>\n<p>Teaching part-time in One Coin English provides a sense of belonging and achievement. This is your new home in Tokyo, teachers always smile and love interacting with each other. We will do our absolute best to help you in your journey here at One Coin English. As soon as you walk into the school, the Japanese staff, teachers, and students greet you with a smile, it is the kind of feeling you get when you get back home and your family greets you. Like a family, we support, help, and encourage each other to become the best version of ourselves while also enjoying the amazing environment that working in One Coin English provides. <\/p>\n\t\t\t<a href=\"www.onecoinenglish.com\/hireme\/application-form\" target=\"_blank\" rel=\"noopener\" role=\"button\" aria-label=\"Apply Now\">\n\t\t\t\t\t\t\tApply Now\n\t\t<\/a>\n\t\t\t<a href=\"https:\/\/onecoinenglish.com\/hireme\/step-2-reasons-to-join-us\/\" target=\"_blank\" rel=\"noopener\" role=\"button\" aria-label=\"Learn More\">\n\t\t\t\t\t\t\tLearn More\n\t\t<\/a>\n\t\t\t<h5>Life in Ueno<\/h5>\t\t\t\n\t\t\t\t<img loading=\"lazy\" decoding=\"async\" src=\"https:\/\/onecoinenglish.com\/hireme\/wp-content\/uploads\/2018\/10\/kichijojis-beautiful-shopping-street.jpg\" alt=\"Ueno Market\" itemprop=\"image\" height=\"3024\" width=\"4032\" title=\"Market\" onerror=\"this.style.display='none'\">\n\t<h2>Perfect Getaway<\/h2>\n<p>Famous for food, culture, markets, and most importantly sakura trees! Ueno has a great number of things to do and is closely connected to Iidabashi, Akihabara, and even Kita-Senju. If you work part-time as a teacher at the Ueno school, you&#8217;ll definitely not run out of things to do.<\/p>\n<p>In your spare time, why not wander to Ueno Park? Many events and even a zoo there!<\/p>\n<h1>See Also<\/h1>\n<ol>\n<li><a href=\"https:\/\/tokyocheapo.com\/entertainment\/things-to-do-in-ueno\/\" target=\"_blank\" rel=\"noopener\">Tokyo Cheapo&#8217;s Guide for Ueno<\/a><\/li>\n<li><a href=\"https:\/\/www.gotokyo.org\/en\/destinations\/western-tokyo\/kichijoji\/\" target=\"_blank\" rel=\"noopener\">Matcha JP&#8217;s 15 Unique Things<\/a><\/li>\n<\/ol>\n\t<iframe src=\"https:\/\/www.google.com\/maps\/embed\/v1\/place?q=%E6%9D%B1%E4%BA%AC%E9%83%BD%E5%8F%B0%E6%9D%B1%E5%8C%BA%E4%B8%8A%E9%87%8E%EF%BC%96%E4%B8%81%E7%9B%AE%EF%BC%92%E2%88%92%EF%BC%91%EF%BC%94+%E5%96%9C%E4%B9%85%E5%B1%8B%E3%83%93%E3%83%AB+5F&amp;key=AIzaSyD09zQ9PNDNNy9TadMuzRV_UsPUoWKntt8\" aria-hidden=\"true\"><\/iframe>\n\t<p><strong>Address:<\/strong>\u6771\u4eac\u90fd\u53f0\u6771\u533a\u4e0a\u91ce\uff16\u4e01\u76ee\uff12\u2212\uff11\uff14 \u559c\u4e45\u5c4b\u30d3\u30eb 5F<\/p>\n<p>\u3012110-0005 T\u014dky\u014d-to, Taito City, Ueno, 6-ch\u014dme\u22122\u221214<\/p>\n<p>&nbsp;<\/p>\n<p><strong>Phone Number:<\/strong>03-6284-4819<\/p>\n<p><strong>Hours:<\/strong> Monday &#8211; Thursday 1PM &#8211; 10PM&nbsp; | Sat: 10:00 am &#8211; 7:00 pm<\/p>\n<p>&nbsp;<\/p>\n<p>TIP: if you can&#8217;t find the building, it&#8217;s in front of the 7\/11. The elevator is in front of the Jewellery shop.<\/p>\n\t<h2>Schools close to Ueno!<\/h2>\n\t\t\t\t<a href=\"https:\/\/onecoinenglish.com\/hireme\/schools\/part-time-jobs-in-tokyo-iidabashi-school\/\" target=\"_blank\" rel=\"noopener\" itemprop=\"url\">\n\t\t\t\t<img loading=\"lazy\" decoding=\"async\" src=\"https:\/\/onecoinenglish.com\/hireme\/wp-content\/uploads\/2019\/09\/\uff11Artboard-7.png\" alt=\"Follow through link to Iidabashi school\" itemprop=\"image\" height=\"62\" width=\"383\" title=\"\uff11Artboard 7\" onerror=\"this.style.display='none'\">\n\t\t\t\t<\/a>\n\t\t\t\t<a href=\"https:\/\/onecoinenglish.com\/hireme\/work-in-tokyo-at-ginza\/\" target=\"_blank\" rel=\"noopener\" itemprop=\"url\">\n\t\t\t\t<img loading=\"lazy\" decoding=\"async\" src=\"https:\/\/onecoinenglish.com\/hireme\/wp-content\/uploads\/2019\/09\/\uff11Artboard-5.png\" alt=\"\uff11Artboard 5\" itemprop=\"image\" height=\"62\" width=\"383\" title=\"\uff11Artboard 5\" onerror=\"this.style.display='none'\">\n\t\t\t\t<\/a>\n\t\t\t\t<a href=\"https:\/\/onecoinenglish.com\/hireme\/part-time-jobs-in-tokyo-at-ikebukuro\/\" target=\"_blank\" rel=\"noopener\" itemprop=\"url\">\n\t\t\t\t<img loading=\"lazy\" decoding=\"async\" src=\"https:\/\/onecoinenglish.com\/hireme\/wp-content\/uploads\/2019\/09\/\uff11Artboard-1.png\" alt=\"\uff11Artboard 1\" itemprop=\"image\" height=\"62\" width=\"383\" title=\"\uff11Artboard 1\" onerror=\"this.style.display='none'\">\n\t\t\t\t<\/a>\n\t\t\t<h5>Friends and co-workers<\/h5>\t\t\t\n\t\t\t<h5>No experience, no problem!<\/h5>\t\t\t\n\t\t\t<a href=\"www.onecoinenglish.com\/hireme\/application-form\" target=\"_blank\" rel=\"noopener\" role=\"button\" aria-label=\"What are you waiting for? Apply Now!\">\n\t\t\t\t\t\t\tWhat are you waiting for? Apply Now!\n\t\t<\/a>\n","protected":false},"excerpt":{"rendered":"<p>Ueno A vibrant feel Teach at our Ueno School Location is Key Literally! The location couldn&#8217;t be more convenient. It is a 1 minute walk from both JR Okachimachi or Metro lines such as Oedo Line, Hibiya and even Ginza. Why not try teaching at the Ueno\/Okachimachi Branch of One Coin English? The school was&hellip;<\/p>\n","protected":false},"author":5,"featured_media":0,"parent":12,"menu_order":0,"comment_status":"closed","ping_status":"closed","template":"","meta":{"_uag_custom_page_level_css":"","_monsterinsights_skip_tracking":false,"_monsterinsights_sitenote_active":false,"_monsterinsights_sitenote_note":"","_monsterinsights_sitenote_category":0,"footnotes":""},"class_list":["post-6174","page","type-page","status-publish","hentry"],"yoast_head":"<!-- This site is optimized with the Yoast SEO plugin v27.5 - https:\/\/yoast.com\/product\/yoast-seo-wordpress\/ -->\n<title>Part-Time Jobs in Ueno - Come Join our Ueno Tokyo School<\/title>\n<meta name=\"description\" content=\"Unlock life in Japan as a part-time English teacher in Ueno. Start your adventure today! Explore more of life in Japan!\" \/>\n<meta name=\"robots\" content=\"index, follow, max-snippet:-1, max-image-preview:large, max-video-preview:-1\" \/>\n<link rel=\"canonical\" href=\"https:\/\/onecoinenglish.com\/hireme\/schools\/part-time-jobs-in-tokyo-at-ueno\/\" \/>\n<meta property=\"og:locale\" content=\"en_US\" \/>\n<meta property=\"og:type\" content=\"article\" \/>\n<meta property=\"og:title\" content=\"Part-Time Jobs in Ueno - Come Join our Ueno Tokyo School\" \/>\n<meta property=\"og:description\" content=\"Unlock life in Japan as a part-time English teacher in Ueno. Start your adventure today! Explore more of life in Japan!\" \/>\n<meta property=\"og:url\" content=\"https:\/\/onecoinenglish.com\/hireme\/schools\/part-time-jobs-in-tokyo-at-ueno\/\" \/>\n<meta property=\"og:site_name\" content=\"Part-Time Jobs in Tokyo at OCE\" \/>\n<meta property=\"article:modified_time\" content=\"2025-02-18T10:40:59+00:00\" \/>\n<meta property=\"og:image\" content=\"https:\/\/onecoinenglish.com\/hireme\/wp-content\/uploads\/2020\/02\/Uenoo.jpg\" \/>\n<meta name=\"twitter:card\" content=\"summary_large_image\" \/>\n<meta name=\"twitter:label1\" content=\"Est. reading time\" \/>\n\t<meta name=\"twitter:data1\" content=\"6 minutes\" \/>\n<!-- \/ Yoast SEO plugin. -->","yoast_head_json":{"title":"Part-Time Jobs in Ueno - Come Join our Ueno Tokyo School","description":"Unlock life in Japan as a part-time English teacher in Ueno. Start your adventure today! Explore more of life in Japan!","robots":{"index":"index","follow":"follow","max-snippet":"max-snippet:-1","max-image-preview":"max-image-preview:large","max-video-preview":"max-video-preview:-1"},"canonical":"https:\/\/onecoinenglish.com\/hireme\/schools\/part-time-jobs-in-tokyo-at-ueno\/","og_locale":"en_US","og_type":"article","og_title":"Part-Time Jobs in Ueno - Come Join our Ueno Tokyo School","og_description":"Unlock life in Japan as a part-time English teacher in Ueno. Start your adventure today! Explore more of life in Japan!","og_url":"https:\/\/onecoinenglish.com\/hireme\/schools\/part-time-jobs-in-tokyo-at-ueno\/","og_site_name":"Part-Time Jobs in Tokyo at OCE","article_modified_time":"2025-02-18T10:40:59+00:00","og_image":[{"url":"https:\/\/onecoinenglish.com\/hireme\/wp-content\/uploads\/2020\/02\/Uenoo.jpg","type":"","width":"","height":""}],"twitter_card":"summary_large_image","twitter_misc":{"Est. reading time":"6 minutes"},"schema":{"@context":"https:\/\/schema.org","@graph":[{"@type":"WebPage","@id":"https:\/\/onecoinenglish.com\/hireme\/schools\/part-time-jobs-in-tokyo-at-ueno\/","url":"https:\/\/onecoinenglish.com\/hireme\/schools\/part-time-jobs-in-tokyo-at-ueno\/","name":"Part-Time Jobs in Ueno - Come Join our Ueno Tokyo School","isPartOf":{"@id":"https:\/\/onecoinenglish.com\/hireme\/#website"},"primaryImageOfPage":{"@id":"https:\/\/onecoinenglish.com\/hireme\/schools\/part-time-jobs-in-tokyo-at-ueno\/#primaryimage"},"image":{"@id":"https:\/\/onecoinenglish.com\/hireme\/schools\/part-time-jobs-in-tokyo-at-ueno\/#primaryimage"},"thumbnailUrl":"https:\/\/onecoinenglish.com\/hireme\/wp-content\/uploads\/2020\/02\/Uenoo.jpg","datePublished":"2019-11-02T07:17:08+00:00","dateModified":"2025-02-18T10:40:59+00:00","description":"Unlock life in Japan as a part-time English teacher in Ueno. Start your adventure today! Explore more of life in Japan!","breadcrumb":{"@id":"https:\/\/onecoinenglish.com\/hireme\/schools\/part-time-jobs-in-tokyo-at-ueno\/#breadcrumb"},"inLanguage":"en-US","potentialAction":[{"@type":"ReadAction","target":["https:\/\/onecoinenglish.com\/hireme\/schools\/part-time-jobs-in-tokyo-at-ueno\/"]}]},{"@type":"ImageObject","inLanguage":"en-US","@id":"https:\/\/onecoinenglish.com\/hireme\/schools\/part-time-jobs-in-tokyo-at-ueno\/#primaryimage","url":"https:\/\/onecoinenglish.com\/hireme\/wp-content\/uploads\/2020\/02\/Uenoo.jpg","contentUrl":"https:\/\/onecoinenglish.com\/hireme\/wp-content\/uploads\/2020\/02\/Uenoo.jpg","width":"1314","height":"1246"},{"@type":"BreadcrumbList","@id":"https:\/\/onecoinenglish.com\/hireme\/schools\/part-time-jobs-in-tokyo-at-ueno\/#breadcrumb","itemListElement":[{"@type":"ListItem","position":1,"name":"Home","item":"https:\/\/onecoinenglish.com\/hireme\/"},{"@type":"ListItem","position":2,"name":"Schools","item":"https:\/\/onecoinenglish.com\/hireme\/schools\/"},{"@type":"ListItem","position":3,"name":"Ueno School"}]},{"@type":"WebSite","@id":"https:\/\/onecoinenglish.com\/hireme\/#website","url":"https:\/\/onecoinenglish.com\/hireme\/","name":"Part-Time Jobs in Tokyo at OCE","description":"","publisher":{"@id":"https:\/\/onecoinenglish.com\/hireme\/#organization"},"potentialAction":[{"@type":"SearchAction","target":{"@type":"EntryPoint","urlTemplate":"https:\/\/onecoinenglish.com\/hireme\/?s={search_term_string}"},"query-input":{"@type":"PropertyValueSpecification","valueRequired":true,"valueName":"search_term_string"}}],"inLanguage":"en-US"},{"@type":"Organization","@id":"https:\/\/onecoinenglish.com\/hireme\/#organization","name":"One Coin English","url":"https:\/\/onecoinenglish.com\/hireme\/","logo":{"@type":"ImageObject","inLanguage":"en-US","@id":"https:\/\/onecoinenglish.com\/hireme\/#\/schema\/logo\/image\/","url":"https:\/\/onecoinenglish.com\/hireme\/wp-content\/uploads\/2024\/04\/unnamed.jpg","contentUrl":"https:\/\/onecoinenglish.com\/hireme\/wp-content\/uploads\/2024\/04\/unnamed.jpg","width":1339,"height":843,"caption":"One Coin English"},"image":{"@id":"https:\/\/onecoinenglish.com\/hireme\/#\/schema\/logo\/image\/"},"sameAs":["https:\/\/www.instagram.com\/onecoinenglish.insta\/","https:\/\/www.youtube.com\/onecoinenglish"]}]}},"uagb_featured_image_src":{"full":false,"thumbnail":false,"medium":false,"medium_large":false,"large":false,"1536x1536":false,"2048x2048":false},"uagb_author_info":{"display_name":"Di Rashid","author_link":"https:\/\/onecoinenglish.com\/hireme\/author\/fahdi-rashid\/"},"uagb_comment_info":0,"uagb_excerpt":"Ueno A vibrant feel Teach at our Ueno School Location is Key Literally! The location couldn&#8217;t be more convenient. It is a 1 minute walk from both JR Okachimachi or Metro lines such as Oedo Line, Hibiya and even Ginza. Why not try teaching at the Ueno\/Okachimachi Branch of One Coin English? The school was&hellip;","amp_enabled":true,"_links":{"self":[{"href":"https:\/\/onecoinenglish.com\/hireme\/wp-json\/wp\/v2\/pages\/6174","targetHints":{"allow":["GET"]}}],"collection":[{"href":"https:\/\/onecoinenglish.com\/hireme\/wp-json\/wp\/v2\/pages"}],"about":[{"href":"https:\/\/onecoinenglish.com\/hireme\/wp-json\/wp\/v2\/types\/page"}],"author":[{"embeddable":true,"href":"https:\/\/onecoinenglish.com\/hireme\/wp-json\/wp\/v2\/users\/5"}],"replies":[{"embeddable":true,"href":"https:\/\/onecoinenglish.com\/hireme\/wp-json\/wp\/v2\/comments?post=6174"}],"version-history":[{"count":0,"href":"https:\/\/onecoinenglish.com\/hireme\/wp-json\/wp\/v2\/pages\/6174\/revisions"}],"up":[{"embeddable":true,"href":"https:\/\/onecoinenglish.com\/hireme\/wp-json\/wp\/v2\/pages\/12"}],"wp:attachment":[{"href":"https:\/\/onecoinenglish.com\/hireme\/wp-json\/wp\/v2\/media?parent=6174"}],"curies":[{"name":"wp","href":"https:\/\/api.w.org\/{rel}","templated":true}]}}